{"id":3301,"date":"2024-12-16T11:18:25","date_gmt":"2024-12-16T16:18:25","guid":{"rendered":"https:\/\/makaindustry.com\/productos\/uncategorized\/plates-strips-and-coils\/"},"modified":"2025-02-10T11:12:35","modified_gmt":"2025-02-10T16:12:35","slug":"plates-strips-and-coils","status":"publish","type":"product","link":"https:\/\/makaindustry.com\/en\/productos\/steel\/plates-strips-and-coils\/","title":{"rendered":"Plates, strips, and coils"},"content":{"rendered":"<p>\n<b>L\u00e1mina HR<\/b><\/p>\n<ul>\n<li style=\"font-weight: 400;\" aria-level=\"1\"><span style=\"font-weight: 400;\">Bobinas, planchas y flejes laminadas en caliente<\/span><\/li>\n<li style=\"font-weight: 400;\" aria-level=\"1\"><span style=\"font-weight: 400;\">Calidad estructural ASTM A-36, A-283 GR C, A-285 GR C, A-131 GR C\u00a0<\/span><\/li>\n<li style=\"font-weight: 400;\" aria-level=\"1\"><span style=\"font-weight: 400;\">NAVAL<\/span><\/li>\n<li style=\"font-weight: 400;\" aria-level=\"1\"><span style=\"font-weight: 400;\">A-572 GR 50<\/span><\/li>\n<li style=\"font-weight: 400;\" aria-level=\"1\"><span style=\"font-weight: 400;\">L\u00e1mina de acero SAE 1045<\/span><\/li>\n<li style=\"font-weight: 400;\" aria-level=\"1\"><span style=\"font-weight: 400;\">L\u00e1mina Antidesgaste<\/span><\/li>\n<li style=\"font-weight: 400;\" aria-level=\"1\"><span style=\"font-weight: 400;\">L\u00e1mina Alfajor<\/span><\/li>\n<li style=\"font-weight: 400;\" aria-level=\"1\"><span style=\"font-weight: 400;\">L\u00e1minas aceitadas y decapadas\u00a0<\/span><\/li>\n<\/ul>\n<p><\/p>\n<p><b>L\u00e1mina CR<\/b><\/p>\n<ul>\n<li style=\"font-weight: 400;\" aria-level=\"1\"><span style=\"font-weight: 400;\">Bobinas, laminas y fleje laminadas en fr\u00edo<\/span><\/li>\n<li style=\"font-weight: 400;\" aria-level=\"1\"><span style=\"font-weight: 400;\">Calidad comercial JIS G 3141 SPCC, ASTM A1008<\/span><\/li>\n<li style=\"font-weight: 400;\" aria-level=\"1\"><span style=\"font-weight: 400;\">Calidad embutici\u00f3n JIS G 3141 SPCE, SPCF, SPCG, ASTM A 1008 DDS<\/span><\/li>\n<li style=\"font-weight: 400;\" aria-level=\"1\"><span style=\"font-weight: 400;\">Calidad esmaltable ASTM A 424<\/span><\/li>\n<\/ul>\n<p><\/p>\n<p><b>L\u00e1mina Galvanizada<\/b><\/p>\n<ul>\n<li style=\"font-weight: 400;\" aria-level=\"1\"><span style=\"font-weight: 400;\">Bobinas, l\u00e1minas, fleje y alfajor galvanizados o aluminizados por inmersi\u00f3n en caliente<\/span><\/li>\n<li style=\"font-weight: 400;\" aria-level=\"1\"><span style=\"font-weight: 400;\">Estructural y full hard\u00a0<\/span><\/li>\n<li style=\"font-weight: 400;\" aria-level=\"1\"><span style=\"font-weight: 400;\">Acabados flor regular<\/span><\/li>\n<li style=\"font-weight: 400;\" aria-level=\"1\"><span style=\"font-weight: 400;\">No aceitados y pasivado seco<\/span><\/li>\n<li style=\"font-weight: 400;\" aria-level=\"1\"><span style=\"font-weight: 400;\">Recubrimiento Z90, Z120, Z180 y Z275<\/span><\/li>\n<\/ul>\n<p><\/p>\n<p><b>L\u00e1mina prepintada<\/b><\/p>\n<ul>\n<li style=\"font-weight: 400;\" aria-level=\"1\"><span style=\"font-weight: 400;\">Bobinas, l\u00e1minas y flejes galvanizados o aluminizados por inmersi\u00f3n en caliente<\/span><\/li>\n<li style=\"font-weight: 400;\" aria-level=\"1\"><span style=\"font-weight: 400;\">Estructural y full hard<\/span><\/li>\n<li style=\"font-weight: 400;\" aria-level=\"1\"><span style=\"font-weight: 400;\">Prepintados AFP con recubrimiento de primer, en acabados opacos, brillantes, estampados y texturizados<\/span><\/li>\n<\/ul>\n","protected":false},"excerpt":{"rendered":"<p>L\u00e1mina HR Bobinas, planchas y flejes laminadas en caliente Calidad estructural ASTM A-36, A-283 GR C, A-285 GR C, A-131 GR C\u00a0 NAVAL A-572 GR 50 L\u00e1mina de acero SAE 1045 L\u00e1mina Antidesgaste L\u00e1mina Alfajor L\u00e1minas aceitadas y decapadas\u00a0 L\u00e1mina CR Bobinas, laminas y fleje laminadas en fr\u00edo Calidad comercial JIS G 3141 SPCC, ASTM [&hellip;]<\/p>\n","protected":false},"featured_media":3601,"comment_status":"open","ping_status":"closed","template":"","meta":{"_joinchat":[]},"product_brand":[],"product_cat":[43],"product_tag":[],"class_list":{"0":"post-3301","1":"product","2":"type-product","3":"status-publish","4":"has-post-thumbnail","6":"product_cat-steel","8":"first","9":"instock","10":"shipping-taxable","11":"product-type-simple"},"yoast_head":"<!-- This site is optimized with the Yoast SEO plugin v27.3 - https:\/\/yoast.com\/product\/yoast-seo-wordpress\/ -->\n<title>Plates, strips, and coils - Maka Industries<\/title>\n<meta name=\"robots\" content=\"index, follow, max-snippet:-1, max-image-preview:large, max-video-preview:-1\" \/>\n<link rel=\"canonical\" href=\"https:\/\/makaindustry.com\/en\/productos\/steel\/plates-strips-and-coils\/\" \/>\n<meta property=\"og:locale\" content=\"en_US\" \/>\n<meta property=\"og:type\" content=\"article\" \/>\n<meta property=\"og:title\" content=\"Plates, strips, and coils - Maka Industries\" \/>\n<meta property=\"og:description\" content=\"L\u00e1mina HR Bobinas, planchas y flejes laminadas en caliente Calidad estructural ASTM A-36, A-283 GR C, A-285 GR C, A-131 GR C\u00a0 NAVAL A-572 GR 50 L\u00e1mina de acero SAE 1045 L\u00e1mina Antidesgaste L\u00e1mina Alfajor L\u00e1minas aceitadas y decapadas\u00a0 L\u00e1mina CR Bobinas, laminas y fleje laminadas en fr\u00edo Calidad comercial JIS G 3141 SPCC, ASTM [&hellip;]\" \/>\n<meta property=\"og:url\" content=\"https:\/\/makaindustry.com\/en\/productos\/steel\/plates-strips-and-coils\/\" \/>\n<meta property=\"og:site_name\" content=\"Maka Industries\" \/>\n<meta property=\"article:modified_time\" content=\"2025-02-10T16:12:35+00:00\" \/>\n<meta property=\"og:image\" content=\"https:\/\/makaindustry.com\/wp-content\/uploads\/2024\/12\/row-metal-coils-are-stacked-top-each-other-2.webp\" \/>\n\t<meta property=\"og:image:width\" content=\"800\" \/>\n\t<meta property=\"og:image:height\" content=\"800\" \/>\n\t<meta property=\"og:image:type\" content=\"image\/webp\" \/>\n<meta name=\"twitter:card\" content=\"summary_large_image\" \/>\n<meta name=\"twitter:label1\" content=\"Est. reading time\" \/>\n\t<meta name=\"twitter:data1\" content=\"1 minute\" \/>\n<script type=\"application\/ld+json\" class=\"yoast-schema-graph\">{\"@context\":\"https:\\\/\\\/schema.org\",\"@graph\":[{\"@type\":\"WebPage\",\"@id\":\"https:\\\/\\\/makaindustry.com\\\/en\\\/productos\\\/steel\\\/plates-strips-and-coils\\\/\",\"url\":\"https:\\\/\\\/makaindustry.com\\\/en\\\/productos\\\/steel\\\/plates-strips-and-coils\\\/\",\"name\":\"Plates, strips, and coils - Maka Industries\",\"isPartOf\":{\"@id\":\"https:\\\/\\\/makaindustry.com\\\/en\\\/#website\"},\"primaryImageOfPage\":{\"@id\":\"https:\\\/\\\/makaindustry.com\\\/en\\\/productos\\\/steel\\\/plates-strips-and-coils\\\/#primaryimage\"},\"image\":{\"@id\":\"https:\\\/\\\/makaindustry.com\\\/en\\\/productos\\\/steel\\\/plates-strips-and-coils\\\/#primaryimage\"},\"thumbnailUrl\":\"https:\\\/\\\/makaindustry.com\\\/wp-content\\\/uploads\\\/2024\\\/12\\\/row-metal-coils-are-stacked-top-each-other-2.webp\",\"datePublished\":\"2024-12-16T16:18:25+00:00\",\"dateModified\":\"2025-02-10T16:12:35+00:00\",\"breadcrumb\":{\"@id\":\"https:\\\/\\\/makaindustry.com\\\/en\\\/productos\\\/steel\\\/plates-strips-and-coils\\\/#breadcrumb\"},\"inLanguage\":\"en-US\",\"potentialAction\":[{\"@type\":\"ReadAction\",\"target\":[\"https:\\\/\\\/makaindustry.com\\\/en\\\/productos\\\/steel\\\/plates-strips-and-coils\\\/\"]}]},{\"@type\":\"ImageObject\",\"inLanguage\":\"en-US\",\"@id\":\"https:\\\/\\\/makaindustry.com\\\/en\\\/productos\\\/steel\\\/plates-strips-and-coils\\\/#primaryimage\",\"url\":\"https:\\\/\\\/makaindustry.com\\\/wp-content\\\/uploads\\\/2024\\\/12\\\/row-metal-coils-are-stacked-top-each-other-2.webp\",\"contentUrl\":\"https:\\\/\\\/makaindustry.com\\\/wp-content\\\/uploads\\\/2024\\\/12\\\/row-metal-coils-are-stacked-top-each-other-2.webp\",\"width\":800,\"height\":800},{\"@type\":\"BreadcrumbList\",\"@id\":\"https:\\\/\\\/makaindustry.com\\\/en\\\/productos\\\/steel\\\/plates-strips-and-coils\\\/#breadcrumb\",\"itemListElement\":[{\"@type\":\"ListItem\",\"position\":1,\"name\":\"Portada\",\"item\":\"https:\\\/\\\/makaindustry.com\\\/en\\\/\"},{\"@type\":\"ListItem\",\"position\":2,\"name\":\"Store\",\"item\":\"https:\\\/\\\/makaindustry.com\\\/tienda\\\/\"},{\"@type\":\"ListItem\",\"position\":3,\"name\":\"Plates, strips, and coils\"}]},{\"@type\":\"WebSite\",\"@id\":\"https:\\\/\\\/makaindustry.com\\\/en\\\/#website\",\"url\":\"https:\\\/\\\/makaindustry.com\\\/en\\\/\",\"name\":\"Maka Industries\",\"description\":\"\",\"publisher\":{\"@id\":\"https:\\\/\\\/makaindustry.com\\\/en\\\/#organization\"},\"potentialAction\":[{\"@type\":\"SearchAction\",\"target\":{\"@type\":\"EntryPoint\",\"urlTemplate\":\"https:\\\/\\\/makaindustry.com\\\/en\\\/?s={search_term_string}\"},\"query-input\":{\"@type\":\"PropertyValueSpecification\",\"valueRequired\":true,\"valueName\":\"search_term_string\"}}],\"inLanguage\":\"en-US\"},{\"@type\":\"Organization\",\"@id\":\"https:\\\/\\\/makaindustry.com\\\/en\\\/#organization\",\"name\":\"Maka Industries\",\"url\":\"https:\\\/\\\/makaindustry.com\\\/en\\\/\",\"logo\":{\"@type\":\"ImageObject\",\"inLanguage\":\"en-US\",\"@id\":\"https:\\\/\\\/makaindustry.com\\\/en\\\/#\\\/schema\\\/logo\\\/image\\\/\",\"url\":\"https:\\\/\\\/makaindustry.com\\\/wp-content\\\/uploads\\\/2024\\\/12\\\/logo-footer.png\",\"contentUrl\":\"https:\\\/\\\/makaindustry.com\\\/wp-content\\\/uploads\\\/2024\\\/12\\\/logo-footer.png\",\"width\":348,\"height\":149,\"caption\":\"Maka Industries\"},\"image\":{\"@id\":\"https:\\\/\\\/makaindustry.com\\\/en\\\/#\\\/schema\\\/logo\\\/image\\\/\"}}]}<\/script>\n<!-- \/ Yoast SEO plugin. -->","yoast_head_json":{"title":"Plates, strips, and coils - Maka Industries","robots":{"index":"index","follow":"follow","max-snippet":"max-snippet:-1","max-image-preview":"max-image-preview:large","max-video-preview":"max-video-preview:-1"},"canonical":"https:\/\/makaindustry.com\/en\/productos\/steel\/plates-strips-and-coils\/","og_locale":"en_US","og_type":"article","og_title":"Plates, strips, and coils - Maka Industries","og_description":"L\u00e1mina HR Bobinas, planchas y flejes laminadas en caliente Calidad estructural ASTM A-36, A-283 GR C, A-285 GR C, A-131 GR C\u00a0 NAVAL A-572 GR 50 L\u00e1mina de acero SAE 1045 L\u00e1mina Antidesgaste L\u00e1mina Alfajor L\u00e1minas aceitadas y decapadas\u00a0 L\u00e1mina CR Bobinas, laminas y fleje laminadas en fr\u00edo Calidad comercial JIS G 3141 SPCC, ASTM [&hellip;]","og_url":"https:\/\/makaindustry.com\/en\/productos\/steel\/plates-strips-and-coils\/","og_site_name":"Maka Industries","article_modified_time":"2025-02-10T16:12:35+00:00","og_image":[{"width":800,"height":800,"url":"https:\/\/makaindustry.com\/wp-content\/uploads\/2024\/12\/row-metal-coils-are-stacked-top-each-other-2.webp","type":"image\/webp"}],"twitter_card":"summary_large_image","twitter_misc":{"Est. reading time":"1 minute"},"schema":{"@context":"https:\/\/schema.org","@graph":[{"@type":"WebPage","@id":"https:\/\/makaindustry.com\/en\/productos\/steel\/plates-strips-and-coils\/","url":"https:\/\/makaindustry.com\/en\/productos\/steel\/plates-strips-and-coils\/","name":"Plates, strips, and coils - Maka Industries","isPartOf":{"@id":"https:\/\/makaindustry.com\/en\/#website"},"primaryImageOfPage":{"@id":"https:\/\/makaindustry.com\/en\/productos\/steel\/plates-strips-and-coils\/#primaryimage"},"image":{"@id":"https:\/\/makaindustry.com\/en\/productos\/steel\/plates-strips-and-coils\/#primaryimage"},"thumbnailUrl":"https:\/\/makaindustry.com\/wp-content\/uploads\/2024\/12\/row-metal-coils-are-stacked-top-each-other-2.webp","datePublished":"2024-12-16T16:18:25+00:00","dateModified":"2025-02-10T16:12:35+00:00","breadcrumb":{"@id":"https:\/\/makaindustry.com\/en\/productos\/steel\/plates-strips-and-coils\/#breadcrumb"},"inLanguage":"en-US","potentialAction":[{"@type":"ReadAction","target":["https:\/\/makaindustry.com\/en\/productos\/steel\/plates-strips-and-coils\/"]}]},{"@type":"ImageObject","inLanguage":"en-US","@id":"https:\/\/makaindustry.com\/en\/productos\/steel\/plates-strips-and-coils\/#primaryimage","url":"https:\/\/makaindustry.com\/wp-content\/uploads\/2024\/12\/row-metal-coils-are-stacked-top-each-other-2.webp","contentUrl":"https:\/\/makaindustry.com\/wp-content\/uploads\/2024\/12\/row-metal-coils-are-stacked-top-each-other-2.webp","width":800,"height":800},{"@type":"BreadcrumbList","@id":"https:\/\/makaindustry.com\/en\/productos\/steel\/plates-strips-and-coils\/#breadcrumb","itemListElement":[{"@type":"ListItem","position":1,"name":"Portada","item":"https:\/\/makaindustry.com\/en\/"},{"@type":"ListItem","position":2,"name":"Store","item":"https:\/\/makaindustry.com\/tienda\/"},{"@type":"ListItem","position":3,"name":"Plates, strips, and coils"}]},{"@type":"WebSite","@id":"https:\/\/makaindustry.com\/en\/#website","url":"https:\/\/makaindustry.com\/en\/","name":"Maka Industries","description":"","publisher":{"@id":"https:\/\/makaindustry.com\/en\/#organization"},"potentialAction":[{"@type":"SearchAction","target":{"@type":"EntryPoint","urlTemplate":"https:\/\/makaindustry.com\/en\/?s={search_term_string}"},"query-input":{"@type":"PropertyValueSpecification","valueRequired":true,"valueName":"search_term_string"}}],"inLanguage":"en-US"},{"@type":"Organization","@id":"https:\/\/makaindustry.com\/en\/#organization","name":"Maka Industries","url":"https:\/\/makaindustry.com\/en\/","logo":{"@type":"ImageObject","inLanguage":"en-US","@id":"https:\/\/makaindustry.com\/en\/#\/schema\/logo\/image\/","url":"https:\/\/makaindustry.com\/wp-content\/uploads\/2024\/12\/logo-footer.png","contentUrl":"https:\/\/makaindustry.com\/wp-content\/uploads\/2024\/12\/logo-footer.png","width":348,"height":149,"caption":"Maka Industries"},"image":{"@id":"https:\/\/makaindustry.com\/en\/#\/schema\/logo\/image\/"}}]}},"_links":{"self":[{"href":"https:\/\/makaindustry.com\/en\/wp-json\/wp\/v2\/product\/3301","targetHints":{"allow":["GET"]}}],"collection":[{"href":"https:\/\/makaindustry.com\/en\/wp-json\/wp\/v2\/product"}],"about":[{"href":"https:\/\/makaindustry.com\/en\/wp-json\/wp\/v2\/types\/product"}],"replies":[{"embeddable":true,"href":"https:\/\/makaindustry.com\/en\/wp-json\/wp\/v2\/comments?post=3301"}],"wp:featuredmedia":[{"embeddable":true,"href":"https:\/\/makaindustry.com\/en\/wp-json\/wp\/v2\/media\/3601"}],"wp:attachment":[{"href":"https:\/\/makaindustry.com\/en\/wp-json\/wp\/v2\/media?parent=3301"}],"wp:term":[{"taxonomy":"product_brand","embeddable":true,"href":"https:\/\/makaindustry.com\/en\/wp-json\/wp\/v2\/product_brand?post=3301"},{"taxonomy":"product_cat","embeddable":true,"href":"https:\/\/makaindustry.com\/en\/wp-json\/wp\/v2\/product_cat?post=3301"},{"taxonomy":"product_tag","embeddable":true,"href":"https:\/\/makaindustry.com\/en\/wp-json\/wp\/v2\/product_tag?post=3301"}],"curies":[{"name":"wp","href":"https:\/\/api.w.org\/{rel}","templated":true}]}}